{"id":27,"date":"2021-09-13T16:16:32","date_gmt":"2021-09-13T16:16:32","guid":{"rendered":"https:\/\/gameiro.org\/wp\/contact\/"},"modified":"2021-10-15T11:05:09","modified_gmt":"2021-10-15T11:05:09","slug":"contact","status":"publish","type":"page","link":"https:\/\/gameiro.org\/wp\/contact\/","title":{"rendered":"Contact"},"content":{"rendered":"\n\n\n<h2>Entre em Contacto Connosco<\/h2>\n\n\n\n\n\n\n\n\n\n\n\n\n\n\n<span style=\"color:#cce8cc;\"><p _msthash=\"366030\" _msttexthash=\"77987\" style=\"text-align: left;\">E-mail:&nbsp;<\/p><p _msthash=\"366030\" _msttexthash=\"436618\" style=\"text-align: left;\">customer@gameiro.org<\/p><\/span><p _msthash=\"366030\" _msttexthash=\"436618\" style=\"text-align: left;\"><\/p>\n<span style=\"color:#cce8cc;\"><p _msthash=\"366256\" _msttexthash=\"124098\" style=\"text-align: left;\">Telefone:&nbsp;<\/p><p _msthash=\"366256\" _msttexthash=\"67951\" style=\"text-align: left;\">21 924 6755<\/p><\/span><p _msthash=\"366256\" _msttexthash=\"67951\" style=\"text-align: left;\"><\/p>\n\n<p _msthash=\"6091800\" _msttexthash=\"243113\" style=\"text-align: left;\"> <\/p><span style=\"color:#cce8cc;\"><p _msthash=\"6091800\" _msttexthash=\"444561\" style=\"text-align: left;\">Localiza\u00e7\u00e3o:&nbsp; &nbsp; &nbsp; &nbsp; &nbsp; &nbsp; &nbsp; &nbsp; &nbsp; &nbsp; &nbsp; &nbsp; &nbsp; &nbsp; &nbsp; &nbsp; &nbsp; &nbsp; &nbsp; &nbsp; &nbsp; &nbsp; &nbsp; &nbsp; &nbsp; &nbsp; &nbsp; &nbsp; &nbsp; &nbsp; &nbsp; &nbsp; &nbsp; &nbsp; &nbsp; &nbsp; &nbsp; &nbsp; &nbsp; &nbsp; &nbsp; &nbsp; &nbsp; &nbsp; &nbsp; &nbsp; &nbsp; &nbsp; &nbsp; &nbsp; &nbsp; &nbsp; &nbsp; &nbsp; &nbsp; &nbsp; &nbsp; &nbsp; &nbsp; &nbsp; &nbsp; &nbsp; PORTUGAL:<\/p><p _msthash=\"6091800\" _msttexthash=\"3302065\" style=\"text-align: left;\">Beloura Office Park\nEdificio2, Escrit\u00f3rio 4, Quinta da Beloura\n2710-694 Sintra&nbsp; &nbsp; &nbsp; &nbsp; &nbsp; &nbsp; &nbsp; &nbsp; &nbsp;&nbsp;<\/p><p _msthash=\"6091800\" _msttexthash=\"14441674\" style=\"text-align: left;\"><br><\/p><p _msthash=\"6091800\" _msttexthash=\"63414\" style=\"text-align: left;\">ANGOLA:<\/p><p _msthash=\"6091800\" _msttexthash=\"1882296\" style=\"text-align: left;\">Mix Center &#8211; Rua Jos\u00e9 Lameira, n\u00ba21 R\/C, Ingombota, Luanda<\/p><p _msthash=\"6091800\" _msttexthash=\"1882296\" style=\"text-align: left;\">&nbsp; &nbsp; &nbsp; &nbsp; &nbsp; &nbsp; &nbsp; &nbsp; &nbsp; &nbsp; &nbsp; &nbsp; &nbsp; &nbsp; &nbsp; &nbsp; &nbsp; &nbsp; &nbsp; &nbsp; &nbsp; &nbsp; &nbsp; &nbsp; &nbsp;&nbsp;<\/p><p _msthash=\"6091800\" _msttexthash=\"65026\" style=\"text-align: left;\">BRASIL:<\/p><p _msthash=\"6091800\" _msttexthash=\"5028088\" style=\"text-align: left;\">Edif\u00edcio Lyon &#8211; Rua Bela Cintra, n\u00ba 756, 10\u00ba andar, conjunto 101, Consola\u00e7\u00e3o, CEP: 01415002 S\u00e3o Paulo<\/p><\/span><p _msthash=\"6091800\" _msttexthash=\"5028088\" style=\"text-align: left;\">     <\/p>\n\n\n","protected":false},"excerpt":{"rendered":"","protected":false},"author":0,"featured_media":0,"parent":0,"menu_order":0,"comment_status":"closed","ping_status":"closed","template":"","meta":{"pagelayer_contact_templates":{"iup2429":{"from_email":"$email","cont_subject":"Contact Page Form","cont_header":"$name,$email,$company,$phone,$message","cont_use_html":"true"}},"_pagelayer_content":""},"_links":{"self":[{"href":"https:\/\/gameiro.org\/wp\/wp-json\/wp\/v2\/pages\/27"}],"collection":[{"href":"https:\/\/gameiro.org\/wp\/wp-json\/wp\/v2\/pages"}],"about":[{"href":"https:\/\/gameiro.org\/wp\/wp-json\/wp\/v2\/types\/page"}],"replies":[{"embeddable":true,"href":"https:\/\/gameiro.org\/wp\/wp-json\/wp\/v2\/comments?post=27"}],"version-history":[{"count":16,"href":"https:\/\/gameiro.org\/wp\/wp-json\/wp\/v2\/pages\/27\/revisions"}],"predecessor-version":[{"id":551,"href":"https:\/\/gameiro.org\/wp\/wp-json\/wp\/v2\/pages\/27\/revisions\/551"}],"wp:attachment":[{"href":"https:\/\/gameiro.org\/wp\/wp-json\/wp\/v2\/media?parent=27"}],"curies":[{"name":"wp","href":"https:\/\/api.w.org\/{rel}","templated":true}]}}