{"id":24,"date":"2021-09-13T16:16:32","date_gmt":"2021-09-13T16:16:32","guid":{"rendered":"https:\/\/gameiro.org\/wp\/services\/"},"modified":"2021-10-27T16:09:29","modified_gmt":"2021-10-27T16:09:29","slug":"services","status":"publish","type":"page","link":"https:\/\/gameiro.org\/wp\/services\/","title":{"rendered":"Services"},"content":{"rendered":"\n\n\n<h4>Princ\u00edpios e Valores<\/h4>\n\n\n\n\n<h2 _msthash=\"43408222\" _msttexthash=\"1197313\" _mstvisible=\"2\"><span style=\"font-weight: normal;\">\u00c9tica no desempenho de todas as fun\u00e7\u00f5es;<\/span><\/h2>\n<h2 _msthash=\"43408222\" _msttexthash=\"1197313\" _mstvisible=\"2\"><span style=\"font-weight: 400;\">Disciplina no desempenho de todas as fun\u00e7\u00f5es;<\/span><\/h2>\n<h2 _msthash=\"43408222\" _msttexthash=\"1197313\" _mstvisible=\"2\"><span style=\"font-weight: normal;\">Transpar\u00eancia na postura;<\/span><\/h2>\n<h2 _msthash=\"43408222\" _msttexthash=\"1197313\" _mstvisible=\"2\"><span style=\"font-weight: normal;\">Criatividade e empenho na estrat\u00e9gia e solu\u00e7\u00f5es;<\/span><\/h2>\n<h2 _msthash=\"43408222\" _msttexthash=\"1197313\" _mstvisible=\"2\"><span style=\"font-weight: normal;\">Compromisso para o cumprimento dos objetivos;<\/span><\/h2>\n<h2 _msthash=\"43408222\" _msttexthash=\"1197313\" _mstvisible=\"2\"><span style=\"font-weight: normal;\">Coer\u00eancia de comportamentos e atitudes;<\/span><\/h2>\n<h2 _msthash=\"43408222\" _msttexthash=\"1197313\" _mstvisible=\"2\"><span style=\"font-weight: normal;\">Escrito cumprimento dos deveres deontol\u00f3gicos e legais;<\/span><\/h2>\n<h2 _msthash=\"43408222\" _msttexthash=\"1197313\" _mstvisible=\"2\"><span style=\"font-weight: normal;\">Acessibilidade e prontid\u00e3o;<\/span><\/h2>\n<h2 _msthash=\"43408222\" _msttexthash=\"1197313\" _mstvisible=\"2\"><span style=\"font-weight: normal;\">Confidencialidade e sigilo;<\/span><\/h2>\n<h2 _msthash=\"43408222\" _msttexthash=\"1197313\" _mstvisible=\"2\"><span style=\"font-weight: normal;\">Confian\u00e7a.<\/span><\/h2>\n\n\n\n\n<h4 _msthash=\"6929078\" _msttexthash=\"741845\">\u00c1reas de Atua\u00e7\u00e3o<\/h4>\n\n\n\n\n\n\n\n\n\n<h2 _msthash=\"43408222\" _msttexthash=\"345930\"> <span style=\"color: rgb(204, 232, 204);\">Direito de Empresas<\/span><\/h2>\n<p _msthash=\"1101491\" _msttexthash=\"1071226\" style=\"text-align: left;\"><\/p><p><span style=\"color: rgb(204, 232, 204);\" _msthash=\"914235\" _msttexthash=\"1071226\"><\/span><\/p><span style=\"color: rgb(0, 97, 0);\"><p><span style=\"color: rgb(0, 97, 0);\" _msthash=\"914235\" _msttexthash=\"1071226\"><span style=\"color:#cce8cc;\"><span style=\"\"><\/span><\/span><span style=\"color:#006100;\"><span style=\"\"><span style=\"\"><\/span><\/span><\/span><\/span><\/p><span style=\"color:#cce8cc;\"><p style=\"text-align: center; \"><span style=\"color: rgb(204, 232, 204);\" _msthash=\"914235\" _msttexthash=\"1101906\"><span style=\"\"><span style=\"\"><span style=\"\">C<\/span><span style=\"\">onstitui\u00e7\u00e3o<\/span><\/span><span style=\"\"> <span style=\"\">de S<\/span><\/span><\/span><span style=\"\"><span style=\"\"><span style=\"\">ociedades Comercias;<\/span><\/span><\/span><\/span><\/p><p style=\"text-align: center; \"><span style=\"color: rgb(204, 232, 204);\" _msthash=\"914235\" _msttexthash=\"1771484\"><span style=\"\" _istranslated=\"1\"><span style=\"\" _istranslated=\"1\"><span style=\"\" _istranslated=\"1\">Aquisi\u00e7\u00e3o e Aliena\u00e7\u00e3o de Participa\u00e7\u00f5es Sociais;<\/span><\/span><\/span><\/span><\/p><p style=\"text-align: center; \"><span style=\"color: rgb(204, 232, 204);\" _msthash=\"914235\" _msttexthash=\"543413\"><span style=\"\" _istranslated=\"1\"><span style=\"\" _istranslated=\"1\"><span style=\"\" _istranslated=\"1\">Fus\u00e3o e Cis\u00e3o de Empresas;&nbsp;<\/span><\/span><\/span><\/span><\/p><p style=\"text-align: center; \"><span style=\"color: rgb(204, 232, 204);\" _msthash=\"914235\" _msttexthash=\"718068\"><span style=\"\" _istranslated=\"1\"><span style=\"\" _istranslated=\"1\"><span style=\"\" _istranslated=\"1\">Transforma\u00e7\u00e3o de Sociedades;<\/span><\/span><\/span><\/span><\/p><p style=\"text-align: center; \"><span style=\"color: rgb(204, 232, 204);\" _msthash=\"914235\" _msttexthash=\"1236092\"><span style=\"\" _istranslated=\"1\"> <span style=\"\" _istranslated=\"1\"> <span style=\"\" _istranslated=\"1\">Abertura de Filiais \/ Sucursais \/ Ag\u00eancias;<\/span><\/span><\/span><\/span><\/p><p style=\"text-align: center; \"><span style=\"color: rgb(204, 232, 204);\" _msthash=\"914235\" _msttexthash=\"2218645\"><span style=\"\" _istranslated=\"1\"><span style=\"\" _istranslated=\"1\"><span style=\"\" _istranslated=\"1\">Montagem e Acompanhamento de Processos de Privatiza\u00e7\u00e3o;<\/span><\/span><\/span><\/span><\/p><p style=\"text-align: center; \"><span style=\"color: rgb(204, 232, 204);\" _msthash=\"914235\" _msttexthash=\"433953\"><span style=\"\" _istranslated=\"1\"><span style=\"\" _istranslated=\"1\"><span style=\"\" _istranslated=\"1\">Contratos Comerciais;<\/span><\/span><\/span><\/span><\/p><p style=\"text-align: center; \"><span style=\"color: rgb(204, 232, 204);\" _msthash=\"914235\" _msttexthash=\"1136603\"><span style=\"\" _istranslated=\"1\"><span style=\"\" _istranslated=\"1\"><span style=\"\" _istranslated=\"1\">&nbsp;Processos de Investimento Estrangeiro;<\/span><\/span><\/span><\/span><\/p><p style=\"text-align: center; \"><span style=\"color: rgb(204, 232, 204);\" _msthash=\"914235\" _msttexthash=\"1945905\"><span style=\"\" _istranslated=\"1\"><span style=\"\" _istranslated=\"1\"><span style=\"\" _istranslated=\"1\">Licenciamento de Atividades Industriais e Comerciais;<\/span><\/span><\/span><\/span><\/p><p style=\"text-align: center; \" _msthash=\"20493\" _msttexthash=\"3507439\"><span style=\"color: rgb(204, 232, 204);\" _msthash=\"914235\" _msttexthash=\"2218645\" _istranslated=\"1\"><span style=\"\" _istranslated=\"1\"><span style=\"\" _istranslated=\"1\"><span style=\"\" _istranslated=\"1\" _msthash=\"2143466\" _msttexthash=\"1486576\">Montagem de Opera\u00e7\u00f5es de Valores Mobili\u00e1rio;<\/span><\/span><\/span><\/span><\/p><p style=\"text-align: center; \" _msthash=\"20493\" _msttexthash=\"3507439\"><span style=\"color: rgb(204, 232, 204);\" _msthash=\"914235\" _msttexthash=\"2218645\" _istranslated=\"1\"><span style=\"\" _istranslated=\"1\"><span style=\"\" _istranslated=\"1\"><span style=\"\" _istranslated=\"1\" _msthash=\"2143466\" _msttexthash=\"354055\">Assessoria Fiscal.<\/span><\/span><\/span><\/span><\/p><p style=\"text-align: center; \" _msthash=\"20493\" _msttexthash=\"3507439\"><span style=\"color: rgb(204, 232, 204);\" _msthash=\"914235\" _msttexthash=\"2218645\" _istranslated=\"1\"><span style=\"\" _istranslated=\"1\"><span style=\"\" _istranslated=\"1\"><span style=\"\" _istranslated=\"1\" _msthash=\"2143466\" _msttexthash=\"354055\"><br><\/span><\/span><\/span><\/span><\/p><p style=\"text-align: center; \" _msthash=\"20493\" _msttexthash=\"3507439\"><span style=\"color: rgb(204, 232, 204);\" _msthash=\"914235\" _msttexthash=\"2218645\" _istranslated=\"1\"><span style=\"\" _istranslated=\"1\"><span style=\"\" _istranslated=\"1\"><span style=\"\" _istranslated=\"1\" _msthash=\"2143466\" _msttexthash=\"354055\"><br><\/span><\/span><\/span><\/span><\/p><p style=\"text-align: center; \" _msthash=\"20493\" _msttexthash=\"3507439\"><span style=\"color: rgb(204, 232, 204);\" _msthash=\"914235\" _msttexthash=\"2218645\" _istranslated=\"1\"><span style=\"\" _istranslated=\"1\"><span style=\"\" _istranslated=\"1\"><span style=\"\" _istranslated=\"1\" _msthash=\"2143466\" _msttexthash=\"354055\"><br><\/span><\/span><\/span><\/span><\/p><p style=\"text-align: center; \" _msthash=\"20493\" _msttexthash=\"3507439\"><span style=\"color: rgb(204, 232, 204);\" _msthash=\"914235\" _msttexthash=\"2218645\" _istranslated=\"1\"><span style=\"\" _istranslated=\"1\"><span style=\"\" _istranslated=\"1\"><span style=\"\" _istranslated=\"1\" _msthash=\"2143466\" _msttexthash=\"354055\"><br><\/span><\/span><\/span><\/span><\/p><\/span><\/span><ul><\/ul><ul><\/ul><ul><\/ul><ul><\/ul><ul><\/ul><ul><\/ul><ul><\/ul><ul><\/ul><p><\/p>\n<h2><br><\/h2>\n<h2><br><\/h2>\n\n\n<h2 _msthash=\"43408222\" _msttexthash=\"404508\" _mstvisible=\"2\">Mercado Finan\u00e7eiro<\/h2>\n<p style=\"text-align: center;\"><span style=\"color: rgb(204, 232, 204);\" _msthash=\"14602952\" _msttexthash=\"57707\"><br><\/span><\/p><p style=\"text-align: center;\"><span style=\"color: rgb(204, 232, 204);\" _msthash=\"14602952\" _msttexthash=\"57707\"><br><\/span><\/p><p style=\"text-align: center;\"><span style=\"color: rgb(204, 232, 204);\" _msthash=\"14602952\" _msttexthash=\"66911\">Banco;<\/span><\/p><p style=\"text-align: center;\" _msthidden=\"1037\" _msthash=\"20494\" _msttexthash=\"999609\"><span style=\"color: rgb(204, 232, 204);\" _msthash=\"20489\" _msttexthash=\"398346\" _istranslated=\"1\">Loca\u00e7\u00e3o financeira;<\/span><\/p><p style=\"text-align: center;\" _msthidden=\"1037\" _msthash=\"20494\" _msttexthash=\"999609\"><span style=\"color: rgb(204, 232, 204);\" _msthash=\"199368\" _msttexthash=\"414570\">Cess\u00e3o de Cr\u00e9ditos;<\/span><\/p><p style=\"text-align: center;\"><span style=\"color: rgb(204, 232, 204);\" _msthash=\"14602952\" _msttexthash=\"117598\">C\u00e2mbios;<\/span><\/p><p style=\"text-align: center;\"><span style=\"color: rgb(204, 232, 204);\" _msthash=\"14602952\" _msttexthash=\"434824\">&nbsp;Valores Mobili\u00e1rios;<\/span><\/p><p style=\"text-align: center;\"><span style=\"color: rgb(204, 232, 204);\" _msthash=\"14602952\" _msttexthash=\"241631\">&nbsp;Microcr\u00e9dito.<\/span><\/p>\n<h2><br><\/h2>\n\n\n\n\n<h2 _msthash=\"43408222\" _msttexthash=\"345930\"><span style=\"color: rgb(0, 97, 0);\" _msthash=\"317837\" _msttexthash=\"729443\">Sistema Banc\u00e1rio<\/span><\/h2>\n<p _msthash=\"1101491\" _msttexthash=\"1071226\" style=\"text-align: left;\"><\/p><p><span style=\"color: rgb(204, 232, 204);\" _msthash=\"914235\" _msttexthash=\"1071226\"><\/span><\/p><span style=\"color: rgb(0, 97, 0);\"><p><span style=\"color: rgb(204, 232, 204);\" _msthash=\"914235\" _msttexthash=\"6097\"><span style=\"color:#cce8cc;\" _istranslated=\"1\"> <span style=\"\" _istranslated=\"1\"><\/span> <\/span><\/span><\/p><span style=\"color: rgb(0, 97, 0);\"><span style=\"color:#cce8cc;\"><p _msthash=\"20488\" _msttexthash=\"1071226\" style=\"text-align: left;\"><span style=\"color:#cce8cc;\"><\/span><\/p><\/span><span style=\"color:#006100;\"><span style=\"\"><p _msthash=\"20488\" _msttexthash=\"1071226\" style=\"text-align: center;\"><font _mstmutation=\"1\" _msthash=\"2036129\" _msttexthash=\"1418235\"><span style=\"color:#006100;\" _mstmutation=\"1\"><span style=\"\">C<\/span><span style=\"\"><span style=\"\">ons<\/span><\/span><\/span><span style=\"color:#006100;\" _mstmutation=\"1\"><span style=\"\"><font _mstmutation=\"1\" _msthash=\"21476\" _msttexthash=\"200382\">titui\u00e7\u00e3o de<\/font><span style=\"\" _msthash=\"207584\" _msttexthash=\"639990\">&nbsp;Institui\u00e7\u00f5es Financeiras;<\/span><\/span><\/span><\/font><\/p><p _msthash=\"20488\" _msttexthash=\"1071226\" style=\"text-align: center;\"><font _mstmutation=\"1\" _msthash=\"2036129\" _msttexthash=\"1418235\"><span style=\"color:#006100;\" _mstmutation=\"1\"><span style=\"\"><span style=\"\" _msthash=\"207584\" _msttexthash=\"806832\">Conce\u00e7\u00e3o de Modelos Operativos;<\/span><\/span><\/span><\/font><\/p><p _msthash=\"20488\" _msttexthash=\"1071226\" style=\"text-align: center;\"><font _mstmutation=\"1\" _msthash=\"2036129\" _msttexthash=\"1418235\"><span style=\"color:#006100;\" _mstmutation=\"1\"><span style=\"\"><span style=\"\" _msthash=\"207584\" _msttexthash=\"2015390\">Elabora\u00e7\u00e3o de Manuais de Procedimentos e Regulamentos;<\/span><\/span><\/span><\/font><\/p><p _msthash=\"20488\" _msttexthash=\"1071226\" style=\"text-align: center;\"><span style=\"color: rgb(0, 97, 0);\" _msthash=\"336921\" _msttexthash=\"1554618\">Montagem d<span style=\"font-size:small;\"><\/span>e Opera\u00e7\u00f5es de Valores Mobili\u00e1rios;<\/span><\/p><p _msthash=\"20488\" _msttexthash=\"159289\" style=\"text-align: center;\"><span style=\"color: rgb(0, 97, 0);\" _msthash=\"336921\" _msttexthash=\"6097\" _istranslated=\"1\"><\/span><span style=\"color: rgb(0, 97, 0);\" _msthash=\"159289\" _msttexthash=\"1750359\" _istranslated=\"1\">Complaince e Cria\u00e7\u00e3o de Departamentos Jur\u00eddicos;<\/span><\/p><p _msthash=\"20488\" _msttexthash=\"159289\" style=\"text-align: center;\"><span style=\"color: rgb(0, 97, 0);\" _msthash=\"159289\" _msttexthash=\"473850\" _istranslated=\"1\">Contratos Financeiros;<\/span><\/p><p _msthash=\"20488\" _msttexthash=\"159289\" style=\"text-align: center;\"><span style=\"color: rgb(0, 97, 0);\" _msthash=\"159289\" _msttexthash=\"1445847\" _istranslated=\"1\">Cr\u00e9ditos&nbsp; Document\u00e1rios \/ Cartas de Cr\u00e9dito;<\/span><\/p><p _msthash=\"20488\" _msttexthash=\"159289\" style=\"text-align: center;\"><span style=\"color: rgb(0, 97, 0);\" _msthash=\"159289\" _msttexthash=\"935727\" _istranslated=\"1\">Leasing Imobili\u00e1rio e Mobili\u00e1rio;<\/span><\/p><p _msthash=\"20488\" _msttexthash=\"159289\" style=\"text-align: center;\"><span style=\"color: rgb(0, 97, 0);\" _msthash=\"159289\" _msttexthash=\"720720\" _istranslated=\"1\">Contratos de Contas Correntes;<\/span><\/p><p _msthash=\"20488\" _msttexthash=\"159289\" style=\"text-align: center;\"><span style=\"color: rgb(0, 97, 0);\" _msthash=\"159289\" _msttexthash=\"418990\" _istranslated=\"1\">Garantias Banc\u00e1rias.<\/span><\/p><p _msthash=\"20488\" _msttexthash=\"159289\" style=\"text-align: center;\"><span style=\"color: rgb(0, 97, 0);\" _msthash=\"159289\" _msttexthash=\"418990\" _istranslated=\"1\"><br><\/span><\/p><p _msthash=\"20488\" _msttexthash=\"159289\" style=\"text-align: center;\"><span style=\"color: rgb(0, 97, 0);\" _msthash=\"159289\" _msttexthash=\"418990\" _istranslated=\"1\"><br><\/span><\/p><\/span><\/span><\/span><\/span>\n<h2><br><\/h2>\n<h2><br><\/h2>\n\n\n<h2 _msthash=\"43408222\" _msttexthash=\"418964\" _mstvisible=\"2\" style=\"color: rgb(0, 97, 0);\">&nbsp;Notariado e Registos<\/h2>\n<p _msthash=\"1101491\" _msttexthash=\"1071226\" style=\"text-align: left;\"><\/p><p><span style=\"color: rgb(204, 232, 204);\" _msthash=\"914235\" _msttexthash=\"1071226\"><\/span><\/p><span style=\"\" _mstvisible=\"0\"><p style=\"color: rgb(0, 97, 0);\" _mstvisible=\"1\"><span style=\"color: rgb(204, 232, 204);\" _msthash=\"914235\" _msttexthash=\"6097\" _mstvisible=\"2\"><span style=\"color:#cce8cc;\" _istranslated=\"1\" _mstvisible=\"3\"> <span style=\"\" _istranslated=\"1\" _mstvisible=\"4\"><\/span> <\/span><\/span><\/p><span style=\"color: rgb(204, 232, 204);\" _mstvisible=\"1\"><p _msthash=\"20488\" _msttexthash=\"1071226\" style=\"text-align: left;\" _mstvisible=\"2\"><span style=\"color:#cce8cc;\" _mstvisible=\"3\"><\/span><\/p><\/span><p _msthash=\"20488\" _msttexthash=\"7072338\" style=\"text-align: center; color: rgb(0, 97, 0);\" _mstvisible=\"1\"><span style=\"color:#006100;\" _mstvisible=\"2\"><span style=\"\" _mstvisible=\"3\"><span style=\"\" _msthash=\"45097\" _msttexthash=\"797862\" _mstvisible=\"4\">Elabora\u00e7\u00e3o de dossiers de const<\/span><\/span><\/span><span style=\"color:#006100;\" _msthash=\"3646891\" _msttexthash=\"3646890\" _mstvisible=\"2\"><span style=\"\" _msthash=\"3646890\" _msttexthash=\"3646890\" _mstvisible=\"3\"><span style=\"\" _msthash=\"203021\" _msttexthash=\"3701347\" _mstvisible=\"4\">itui\u00e7\u00e3o, cess\u00e3o, fus\u00e3o, cis\u00e3o, transforma\u00e7\u00e3o e aumentos de capital social;<\/span><\/span><\/span><\/p><p _msthash=\"20488\" _msttexthash=\"8872721\" style=\"text-align: center; color: rgb(0, 97, 0);\" _mstvisible=\"1\"><span style=\"color: rgb(0, 97, 0);\" _msthash=\"797862\" _msttexthash=\"4110327\" _mstvisible=\"2\">Elabora\u00e7\u00e3o de dossiers de sociedades comerciais destinados ao registo comercial;<\/span><\/p><p _msthash=\"20488\" _msttexthash=\"8872721\" style=\"text-align: center;\" _mstvisible=\"1\"><font color=\"#006100\" _msthash=\"5915\" _msttexthash=\"4850768\" _mstvisible=\"2\">Acompanhamento de todos os procedimentos notariais e registais de sociedades comerciais;<\/font><\/p><p _msthash=\"20488\" _msttexthash=\"8872721\" style=\"text-align: center;\" _mstvisible=\"1\"><span style=\"color: rgb(0, 97, 0);\" _msthash=\"77182\" _msttexthash=\"11273522\">Processamento de dossiers de pr\u00e9dios urbanos, r\u00fasticos ou mistos destinados \u00e0 celebra\u00e7\u00e3o de escrituras p\u00fablicas e respetivos registos;<\/span><\/p><p _msthash=\"20488\" _msttexthash=\"8872721\" style=\"text-align: center;\" _mstvisible=\"1\"><span style=\"color: rgb(0, 97, 0);\" _msthash=\"77182\" _msttexthash=\"11273522\"><br><\/span><\/p><p _msthash=\"20488\" _msttexthash=\"8872721\" style=\"text-align: center;\" _mstvisible=\"1\"><span style=\"color: rgb(0, 97, 0);\" _msthash=\"77182\" _msttexthash=\"11273522\"><br><\/span><\/p><\/span><ul><\/ul><ul><\/ul><ul><\/ul><ul><\/ul><ul><\/ul><ul><\/ul><ul><\/ul><ul><\/ul><p><\/p>\n<h2><br><\/h2>\n\n\n\n\n<h2 _msthash=\"43408222\" _msttexthash=\"1197313\" _mstvisible=\"2\">Apoio \u00e0 Internacionaliza\u00e7\u00e3o de Empresas<\/h2>\n\n<h2><br><\/h2>\n<h2><br><\/h2>\n\n\n\n\n\n\n","protected":false},"excerpt":{"rendered":"","protected":false},"author":0,"featured_media":0,"parent":0,"menu_order":0,"comment_status":"closed","ping_status":"closed","template":"","meta":{"pagelayer_contact_templates":[],"_pagelayer_content":""},"_links":{"self":[{"href":"https:\/\/gameiro.org\/wp\/wp-json\/wp\/v2\/pages\/24"}],"collection":[{"href":"https:\/\/gameiro.org\/wp\/wp-json\/wp\/v2\/pages"}],"about":[{"href":"https:\/\/gameiro.org\/wp\/wp-json\/wp\/v2\/types\/page"}],"replies":[{"embeddable":true,"href":"https:\/\/gameiro.org\/wp\/wp-json\/wp\/v2\/comments?post=24"}],"version-history":[{"count":23,"href":"https:\/\/gameiro.org\/wp\/wp-json\/wp\/v2\/pages\/24\/revisions"}],"predecessor-version":[{"id":607,"href":"https:\/\/gameiro.org\/wp\/wp-json\/wp\/v2\/pages\/24\/revisions\/607"}],"wp:attachment":[{"href":"https:\/\/gameiro.org\/wp\/wp-json\/wp\/v2\/media?parent=24"}],"curies":[{"name":"wp","href":"https:\/\/api.w.org\/{rel}","templated":true}]}}